{"id":1111,"date":"2022-08-01T14:50:11","date_gmt":"2022-08-01T14:50:11","guid":{"rendered":"https:\/\/melonandthecrew.com\/?page_id=1111"},"modified":"2023-06-07T14:40:35","modified_gmt":"2023-06-07T14:40:35","slug":"palmyard","status":"publish","type":"page","link":"https:\/\/melonandthecrew.com\/index.php\/palmyard\/","title":{"rendered":"PALM YARD"},"content":{"rendered":"\n<div id=\"wp-block-themeisle-blocks-advanced-columns-3911ee9f\" class=\"wp-block-themeisle-blocks-advanced-columns alignfull has-2-columns has-desktop-equal-layout has-tablet-collapsedRows-layout has-mobile-collapsedRows-layout has-vertical-center has-light-bg\"><div class=\"wp-block-themeisle-blocks-advanced-columns-overlay\"><\/div><div class=\"innerblocks-wrap\">\n<div id=\"wp-block-themeisle-blocks-advanced-column-fa091b11\" class=\"wp-block-themeisle-blocks-advanced-column\"><div class=\"wp-block-image is-style-default\">\n<figure class=\"aligncenter size-full is-resized\"><img decoding=\"async\" loading=\"lazy\" src=\"https:\/\/melonandthecrew.com\/wp-content\/uploads\/2023\/06\/PalmYard_Logo_2020_Normal_transparent-1.png\" alt=\"\" class=\"wp-image-1944\" width=\"632\" height=\"338\" srcset=\"https:\/\/melonandthecrew.com\/wp-content\/uploads\/2023\/06\/PalmYard_Logo_2020_Normal_transparent-1.png 905w, https:\/\/melonandthecrew.com\/wp-content\/uploads\/2023\/06\/PalmYard_Logo_2020_Normal_transparent-1-300x160.png 300w, https:\/\/melonandthecrew.com\/wp-content\/uploads\/2023\/06\/PalmYard_Logo_2020_Normal_transparent-1-768x411.png 768w\" sizes=\"(max-width: 632px) 100vw, 632px\" \/><\/figure><\/div><\/div>\n\n\n\n<div id=\"wp-block-themeisle-blocks-advanced-column-13d6a415\" class=\"wp-block-themeisle-blocks-advanced-column ticss-44eccd86\">\n<p class=\"has-text-align-left\">Das niedliche Bed &amp; Breakfast an der karibischen K\u00fcste Portlands ist der Hotspot f\u00fcr Abenteurer, Surfliebhaber und Foodies. <\/p>\n\n\n\n<p class=\"has-text-align-left\">Wir verliehen ihrem, bis anhin nur in analoger Form vorhandenen Logo, ein digitales make over. Dar\u00fcber hinaus erarbeiteten wir passend zu ihren Angeboten &#171;Trips &amp; Tours, Food &amp; Reviews&#187; die Icons f\u00fcr die dazugeh\u00f6rigen Instagram-Highlights. <\/p>\n\n\n\n<div class=\"wp-block-button is-style-fill\"><a class=\"wp-block-button__link has-nv-text-dark-bg-color has-text-color has-background has-text-align-center wp-element-button\" href=\"https:\/\/www.instagram.com\/palmyard\/\" style=\"background-color:#80cef0\" target=\"_blank\" rel=\"noreferrer noopener\">Webseite besuchen<\/a><\/div>\n<\/div>\n<\/div><\/div>\n\n\n\n<div id=\"wp-block-themeisle-blocks-advanced-columns-f3268636\" class=\"wp-block-themeisle-blocks-advanced-columns has-2-columns has-desktop-equal-layout has-tablet-equal-layout has-mobile-collapsedRows-layout has-vertical-center\"><div class=\"wp-block-themeisle-blocks-advanced-columns-overlay\"><\/div><div class=\"innerblocks-wrap\">\n<div id=\"wp-block-themeisle-blocks-advanced-column-224fbc0f\" class=\"wp-block-themeisle-blocks-advanced-column\"><div class=\"wp-block-image\">\n<figure class=\"aligncenter size-large is-resized\"><img decoding=\"async\" loading=\"lazy\" src=\"https:\/\/melonandthecrew.com\/wp-content\/uploads\/2023\/06\/SoMe_Palmyard2023-5-974x1024.png\" alt=\"\" class=\"wp-image-1980\" width=\"547\" height=\"575\" srcset=\"https:\/\/melonandthecrew.com\/wp-content\/uploads\/2023\/06\/SoMe_Palmyard2023-5-974x1024.png 974w, https:\/\/melonandthecrew.com\/wp-content\/uploads\/2023\/06\/SoMe_Palmyard2023-5-285x300.png 285w, https:\/\/melonandthecrew.com\/wp-content\/uploads\/2023\/06\/SoMe_Palmyard2023-5-768x807.png 768w, https:\/\/melonandthecrew.com\/wp-content\/uploads\/2023\/06\/SoMe_Palmyard2023-5.png 1080w\" sizes=\"(max-width: 547px) 100vw, 547px\" \/><\/figure><\/div><\/div>\n\n\n\n<div id=\"wp-block-themeisle-blocks-advanced-column-b8f2e0f1\" class=\"wp-block-themeisle-blocks-advanced-column\">\n<figure class=\"wp-block-video aligncenter\"><video controls src=\"https:\/\/melonandthecrew.com\/wp-content\/uploads\/2023\/06\/palmyard-ausflug-instagram-story-2023_klein-2.mp4\"><\/video><\/figure>\n<\/div>\n<\/div><\/div>\n\n\n\n<div style=\"height:100px\" aria-hidden=\"true\" class=\"wp-block-spacer\"><\/div>\n","protected":false},"excerpt":{"rendered":"","protected":false},"author":1,"featured_media":0,"parent":0,"menu_order":0,"comment_status":"closed","ping_status":"closed","template":"","meta":{"neve_meta_sidebar":"full-width","neve_meta_container":"","neve_meta_enable_content_width":"on","neve_meta_content_width":100,"neve_meta_title_alignment":"","neve_meta_author_avatar":"","neve_post_elements_order":"","neve_meta_disable_header":"","neve_meta_disable_footer":"","neve_meta_disable_title":"","_themeisle_gutenberg_block_has_review":false},"_links":{"self":[{"href":"https:\/\/melonandthecrew.com\/index.php\/wp-json\/wp\/v2\/pages\/1111"}],"collection":[{"href":"https:\/\/melonandthecrew.com\/index.php\/wp-json\/wp\/v2\/pages"}],"about":[{"href":"https:\/\/melonandthecrew.com\/index.php\/wp-json\/wp\/v2\/types\/page"}],"author":[{"embeddable":true,"href":"https:\/\/melonandthecrew.com\/index.php\/wp-json\/wp\/v2\/users\/1"}],"replies":[{"embeddable":true,"href":"https:\/\/melonandthecrew.com\/index.php\/wp-json\/wp\/v2\/comments?post=1111"}],"version-history":[{"count":49,"href":"https:\/\/melonandthecrew.com\/index.php\/wp-json\/wp\/v2\/pages\/1111\/revisions"}],"predecessor-version":[{"id":1997,"href":"https:\/\/melonandthecrew.com\/index.php\/wp-json\/wp\/v2\/pages\/1111\/revisions\/1997"}],"wp:attachment":[{"href":"https:\/\/melonandthecrew.com\/index.php\/wp-json\/wp\/v2\/media?parent=1111"}],"curies":[{"name":"wp","href":"https:\/\/api.w.org\/{rel}","templated":true}]}}