{"id":1452,"date":"2023-04-28T12:55:25","date_gmt":"2023-04-28T12:55:25","guid":{"rendered":"https:\/\/melonandthecrew.com\/?page_id=1452"},"modified":"2023-05-26T15:14:54","modified_gmt":"2023-05-26T15:14:54","slug":"kunstraum-atelier-kath","status":"publish","type":"page","link":"https:\/\/melonandthecrew.com\/index.php\/kunstraum-atelier-kath\/","title":{"rendered":"KUNSTRAUM-ATELIER KATH"},"content":{"rendered":"\n<div id=\"wp-block-themeisle-blocks-advanced-columns-3911ee9f\" class=\"wp-block-themeisle-blocks-advanced-columns alignfull has-2-columns has-desktop-equal-layout has-tablet-collapsedRows-layout has-mobile-collapsedRows-layout has-vertical-center has-light-bg\"><div class=\"wp-block-themeisle-blocks-advanced-columns-overlay\"><\/div><div class=\"innerblocks-wrap\">\n<div id=\"wp-block-themeisle-blocks-advanced-column-fa091b11\" class=\"wp-block-themeisle-blocks-advanced-column\"><div class=\"wp-block-image is-style-default\">\n<figure class=\"aligncenter size-large is-resized\"><img decoding=\"async\" loading=\"lazy\" src=\"https:\/\/melonandthecrew.com\/wp-content\/uploads\/2023\/04\/Logo_KunsTraum_Atelier-Katharina-Joerimann_MAR23-1024x1024.png\" alt=\"\" class=\"wp-image-1454\" width=\"482\" height=\"482\" srcset=\"https:\/\/melonandthecrew.com\/wp-content\/uploads\/2023\/04\/Logo_KunsTraum_Atelier-Katharina-Joerimann_MAR23-1024x1024.png 1024w, https:\/\/melonandthecrew.com\/wp-content\/uploads\/2023\/04\/Logo_KunsTraum_Atelier-Katharina-Joerimann_MAR23-300x300.png 300w, https:\/\/melonandthecrew.com\/wp-content\/uploads\/2023\/04\/Logo_KunsTraum_Atelier-Katharina-Joerimann_MAR23-150x150.png 150w, https:\/\/melonandthecrew.com\/wp-content\/uploads\/2023\/04\/Logo_KunsTraum_Atelier-Katharina-Joerimann_MAR23-768x768.png 768w, https:\/\/melonandthecrew.com\/wp-content\/uploads\/2023\/04\/Logo_KunsTraum_Atelier-Katharina-Joerimann_MAR23-1536x1536.png 1536w, https:\/\/melonandthecrew.com\/wp-content\/uploads\/2023\/04\/Logo_KunsTraum_Atelier-Katharina-Joerimann_MAR23-2048x2048.png 2048w\" sizes=\"(max-width: 482px) 100vw, 482px\" \/><\/figure><\/div><\/div>\n\n\n\n<div id=\"wp-block-themeisle-blocks-advanced-column-13d6a415\" class=\"wp-block-themeisle-blocks-advanced-column ticss-44eccd86\">\n<p>F\u00fcr die Schweizer K\u00fcnstlerin Katharina J\u00f6rimann entwarfen wir ein Logo f\u00fcr ihr neues Angebot \u00abKunsTraum\u00bb sowie die Einladung zur Er\u00f6ffnung Ihres Ateliers und diverse weitere Werbemittel.<\/p>\n\n\n\n<p>Das Logo soll einen Raum der Offenheit darstellen, in dem man leicht Zugang zur Kunst finden kann. \u00abEin Ort zum Tr\u00e4umen, ein Raum, um genau diese Tr\u00e4ume auf die Leinwand zu bringen.\u00bb<\/p>\n\n\n\n<p>Wichtig war ihr auch, dass wir das Logo einfach und modern halten, es aber farblich schnell angepasst werden kann, so dass sie es mit mehreren Kunstwerken aus ihrer aktuellen Ausstellung f\u00fcr verschiedene Werbemassnahmen kombinieren kann.<\/p>\n\n\n\n<div class=\"wp-block-button is-style-fill\"><a class=\"wp-block-button__link has-nv-text-dark-bg-color has-text-color has-background wp-element-button\" href=\"https:\/\/www.kath-kunst.ch\/kunstraum\/\" style=\"background-color:#80cef0\" target=\"_blank\" rel=\"noreferrer noopener\">Webseite besuchen<\/a><\/div>\n<\/div>\n<\/div><\/div>\n\n\n\n<div style=\"height:100px\" aria-hidden=\"true\" class=\"wp-block-spacer\"><\/div>\n\n\n\n<div id=\"wp-block-themeisle-blocks-advanced-columns-a2d35ab6\" class=\"wp-block-themeisle-blocks-advanced-columns has-1-columns has-desktop-equal-layout has-tablet-equal-layout has-mobile-equal-layout has-vertical-unset\"><div class=\"wp-block-themeisle-blocks-advanced-columns-overlay\"><\/div><div class=\"innerblocks-wrap\">\n<div id=\"wp-block-themeisle-blocks-advanced-column-3c768843\" class=\"wp-block-themeisle-blocks-advanced-column\">\n<div id=\"wp-block-themeisle-blocks-advanced-columns-4ab6f2e9\" class=\"wp-block-themeisle-blocks-advanced-columns has-2-columns has-desktop-equal-layout has-tablet-equal-layout has-mobile-collapsedRows-layout has-vertical-unset\"><div class=\"wp-block-themeisle-blocks-advanced-columns-overlay\"><\/div><div class=\"innerblocks-wrap\">\n<div id=\"wp-block-themeisle-blocks-advanced-column-480102fe\" class=\"wp-block-themeisle-blocks-advanced-column\"><div class=\"wp-block-image\">\n<figure class=\"alignleft size-large is-resized\"><img decoding=\"async\" loading=\"lazy\" src=\"https:\/\/melonandthecrew.com\/wp-content\/uploads\/2023\/05\/KunsTraum_Designprozess-02_melon-1024x768.jpg\" alt=\"\" class=\"wp-image-1786\" width=\"559\" height=\"418\" srcset=\"https:\/\/melonandthecrew.com\/wp-content\/uploads\/2023\/05\/KunsTraum_Designprozess-02_melon-1024x768.jpg 1024w, https:\/\/melonandthecrew.com\/wp-content\/uploads\/2023\/05\/KunsTraum_Designprozess-02_melon-300x225.jpg 300w, https:\/\/melonandthecrew.com\/wp-content\/uploads\/2023\/05\/KunsTraum_Designprozess-02_melon-768x576.jpg 768w, https:\/\/melonandthecrew.com\/wp-content\/uploads\/2023\/05\/KunsTraum_Designprozess-02_melon-1536x1152.jpg 1536w, https:\/\/melonandthecrew.com\/wp-content\/uploads\/2023\/05\/KunsTraum_Designprozess-02_melon-2048x1536.jpg 2048w\" sizes=\"(max-width: 559px) 100vw, 559px\" \/><\/figure><\/div><\/div>\n\n\n\n<div id=\"wp-block-themeisle-blocks-advanced-column-e5f3d08d\" class=\"wp-block-themeisle-blocks-advanced-column\"><div class=\"wp-block-image\">\n<figure class=\"alignright size-large is-resized\"><img decoding=\"async\" loading=\"lazy\" src=\"https:\/\/melonandthecrew.com\/wp-content\/uploads\/2023\/05\/KunsTraum_Designprozess-04_melon-1024x768.jpg\" alt=\"\" class=\"wp-image-1846\" width=\"553\" height=\"414\" srcset=\"https:\/\/melonandthecrew.com\/wp-content\/uploads\/2023\/05\/KunsTraum_Designprozess-04_melon-1024x768.jpg 1024w, https:\/\/melonandthecrew.com\/wp-content\/uploads\/2023\/05\/KunsTraum_Designprozess-04_melon-300x225.jpg 300w, https:\/\/melonandthecrew.com\/wp-content\/uploads\/2023\/05\/KunsTraum_Designprozess-04_melon-768x576.jpg 768w, https:\/\/melonandthecrew.com\/wp-content\/uploads\/2023\/05\/KunsTraum_Designprozess-04_melon-1536x1152.jpg 1536w, https:\/\/melonandthecrew.com\/wp-content\/uploads\/2023\/05\/KunsTraum_Designprozess-04_melon-2048x1536.jpg 2048w\" sizes=\"(max-width: 553px) 100vw, 553px\" \/><\/figure><\/div><\/div>\n<\/div><\/div>\n<\/div>\n<\/div><\/div>\n\n\n\n<div style=\"height:100px\" aria-hidden=\"true\" class=\"wp-block-spacer\"><\/div>\n\n\n\n<div id=\"wp-block-themeisle-blocks-advanced-columns-2f64369d\" class=\"wp-block-themeisle-blocks-advanced-columns has-1-columns has-desktop-equal-layout has-tablet-equal-layout has-mobile-equal-layout has-vertical-unset\"><div class=\"wp-block-themeisle-blocks-advanced-columns-overlay\"><\/div><div class=\"innerblocks-wrap\">\n<div id=\"wp-block-themeisle-blocks-advanced-column-0e4f5511\" class=\"wp-block-themeisle-blocks-advanced-column\">\n<div id=\"wp-block-themeisle-blocks-advanced-columns-4ca8ac16\" class=\"wp-block-themeisle-blocks-advanced-columns has-2-columns has-desktop-equal-layout has-tablet-equal-layout has-mobile-collapsedRows-layout has-vertical-unset\"><div class=\"wp-block-themeisle-blocks-advanced-columns-overlay\"><\/div><div class=\"innerblocks-wrap\">\n<div id=\"wp-block-themeisle-blocks-advanced-column-befb8db2\" class=\"wp-block-themeisle-blocks-advanced-column\"><div class=\"wp-block-image\">\n<figure class=\"alignleft size-large\"><img decoding=\"async\" loading=\"lazy\" width=\"1024\" height=\"683\" src=\"https:\/\/melonandthecrew.com\/wp-content\/uploads\/2023\/05\/KunsTraum_Einladung-Vernissage-Mockup-melon-1-1024x683.jpg\" alt=\"\" class=\"wp-image-1837\" srcset=\"https:\/\/melonandthecrew.com\/wp-content\/uploads\/2023\/05\/KunsTraum_Einladung-Vernissage-Mockup-melon-1-1024x683.jpg 1024w, https:\/\/melonandthecrew.com\/wp-content\/uploads\/2023\/05\/KunsTraum_Einladung-Vernissage-Mockup-melon-1-300x200.jpg 300w, https:\/\/melonandthecrew.com\/wp-content\/uploads\/2023\/05\/KunsTraum_Einladung-Vernissage-Mockup-melon-1-768x512.jpg 768w, https:\/\/melonandthecrew.com\/wp-content\/uploads\/2023\/05\/KunsTraum_Einladung-Vernissage-Mockup-melon-1-1536x1024.jpg 1536w, https:\/\/melonandthecrew.com\/wp-content\/uploads\/2023\/05\/KunsTraum_Einladung-Vernissage-Mockup-melon-1-2048x1366.jpg 2048w, https:\/\/melonandthecrew.com\/wp-content\/uploads\/2023\/05\/KunsTraum_Einladung-Vernissage-Mockup-melon-1-930x620.jpg 930w\" sizes=\"(max-width: 1024px) 100vw, 1024px\" \/><\/figure><\/div><\/div>\n\n\n\n<div id=\"wp-block-themeisle-blocks-advanced-column-f1c1e64c\" class=\"wp-block-themeisle-blocks-advanced-column\"><div class=\"wp-block-image\">\n<figure class=\"alignright size-large\"><img decoding=\"async\" loading=\"lazy\" width=\"1024\" height=\"683\" src=\"https:\/\/melonandthecrew.com\/wp-content\/uploads\/2023\/05\/KunsTraum_Zeitungsinserat_melon-1024x683.jpg\" alt=\"\" class=\"wp-image-1835\" srcset=\"https:\/\/melonandthecrew.com\/wp-content\/uploads\/2023\/05\/KunsTraum_Zeitungsinserat_melon-1024x683.jpg 1024w, https:\/\/melonandthecrew.com\/wp-content\/uploads\/2023\/05\/KunsTraum_Zeitungsinserat_melon-300x200.jpg 300w, https:\/\/melonandthecrew.com\/wp-content\/uploads\/2023\/05\/KunsTraum_Zeitungsinserat_melon-768x512.jpg 768w, https:\/\/melonandthecrew.com\/wp-content\/uploads\/2023\/05\/KunsTraum_Zeitungsinserat_melon-1536x1024.jpg 1536w, https:\/\/melonandthecrew.com\/wp-content\/uploads\/2023\/05\/KunsTraum_Zeitungsinserat_melon-2048x1366.jpg 2048w, https:\/\/melonandthecrew.com\/wp-content\/uploads\/2023\/05\/KunsTraum_Zeitungsinserat_melon-930x620.jpg 930w\" sizes=\"(max-width: 1024px) 100vw, 1024px\" \/><\/figure><\/div><\/div>\n<\/div><\/div>\n<\/div>\n<\/div><\/div>\n\n\n\n<div style=\"height:100px\" aria-hidden=\"true\" class=\"wp-block-spacer\"><\/div>\n\n\n\n<div id=\"wp-block-themeisle-blocks-advanced-columns-7b48f097\" class=\"wp-block-themeisle-blocks-advanced-columns has-1-columns has-desktop-equal-layout has-tablet-equal-layout has-mobile-equal-layout has-vertical-unset\"><div class=\"wp-block-themeisle-blocks-advanced-columns-overlay\"><\/div><div class=\"innerblocks-wrap\">\n<div id=\"wp-block-themeisle-blocks-advanced-column-b9c2fcee\" class=\"wp-block-themeisle-blocks-advanced-column\">\n<div id=\"wp-block-themeisle-blocks-advanced-columns-f52687a6\" class=\"wp-block-themeisle-blocks-advanced-columns has-1-columns has-desktop-equal-layout has-tablet-equal-layout has-mobile-equal-layout has-vertical-unset\"><div class=\"wp-block-themeisle-blocks-advanced-columns-overlay\"><\/div><div class=\"innerblocks-wrap\">\n<div id=\"wp-block-themeisle-blocks-advanced-column-e455c617\" class=\"wp-block-themeisle-blocks-advanced-column\"><div class=\"wp-block-image\">\n<figure class=\"aligncenter size-large is-resized\"><img decoding=\"async\" loading=\"lazy\" src=\"https:\/\/melonandthecrew.com\/wp-content\/uploads\/2023\/05\/KunsTraum_Flyer-Wickelfalz-Aussen_klein_melon-1024x731.jpg\" alt=\"\" class=\"wp-image-1773\" width=\"1130\" height=\"807\" srcset=\"https:\/\/melonandthecrew.com\/wp-content\/uploads\/2023\/05\/KunsTraum_Flyer-Wickelfalz-Aussen_klein_melon-1024x731.jpg 1024w, https:\/\/melonandthecrew.com\/wp-content\/uploads\/2023\/05\/KunsTraum_Flyer-Wickelfalz-Aussen_klein_melon-300x214.jpg 300w, https:\/\/melonandthecrew.com\/wp-content\/uploads\/2023\/05\/KunsTraum_Flyer-Wickelfalz-Aussen_klein_melon-768x549.jpg 768w, https:\/\/melonandthecrew.com\/wp-content\/uploads\/2023\/05\/KunsTraum_Flyer-Wickelfalz-Aussen_klein_melon-1536x1097.jpg 1536w, https:\/\/melonandthecrew.com\/wp-content\/uploads\/2023\/05\/KunsTraum_Flyer-Wickelfalz-Aussen_klein_melon-2048x1463.jpg 2048w\" sizes=\"(max-width: 1130px) 100vw, 1130px\" \/><\/figure><\/div><\/div>\n<\/div><\/div>\n<\/div>\n<\/div><\/div>\n\n\n\n<div style=\"height:100px\" aria-hidden=\"true\" class=\"wp-block-spacer\"><\/div>\n\n\n\n<div id=\"wp-block-themeisle-blocks-advanced-columns-6fe3f6ea\" class=\"wp-block-themeisle-blocks-advanced-columns has-1-columns has-desktop-equal-layout has-tablet-equal-layout has-mobile-equal-layout has-vertical-unset\"><div class=\"wp-block-themeisle-blocks-advanced-columns-overlay\"><\/div><div class=\"innerblocks-wrap\">\n<div id=\"wp-block-themeisle-blocks-advanced-column-e334b258\" class=\"wp-block-themeisle-blocks-advanced-column\">\n<div id=\"wp-block-themeisle-blocks-advanced-columns-f4240c53\" class=\"wp-block-themeisle-blocks-advanced-columns has-2-columns has-desktop-equal-layout has-tablet-equal-layout has-mobile-collapsedRows-layout has-vertical-unset\"><div class=\"wp-block-themeisle-blocks-advanced-columns-overlay\"><\/div><div class=\"innerblocks-wrap\">\n<div id=\"wp-block-themeisle-blocks-advanced-column-c6bf1432\" class=\"wp-block-themeisle-blocks-advanced-column\"><div class=\"wp-block-image\">\n<figure class=\"aligncenter size-large is-resized\"><img decoding=\"async\" loading=\"lazy\" src=\"https:\/\/melonandthecrew.com\/wp-content\/uploads\/2023\/05\/KunsTraum_Flyer-Wickelfalz-klein_melon-1024x731.jpg\" alt=\"\" class=\"wp-image-1775\" width=\"571\" height=\"407\" srcset=\"https:\/\/melonandthecrew.com\/wp-content\/uploads\/2023\/05\/KunsTraum_Flyer-Wickelfalz-klein_melon-1024x731.jpg 1024w, https:\/\/melonandthecrew.com\/wp-content\/uploads\/2023\/05\/KunsTraum_Flyer-Wickelfalz-klein_melon-300x214.jpg 300w, https:\/\/melonandthecrew.com\/wp-content\/uploads\/2023\/05\/KunsTraum_Flyer-Wickelfalz-klein_melon-768x549.jpg 768w, https:\/\/melonandthecrew.com\/wp-content\/uploads\/2023\/05\/KunsTraum_Flyer-Wickelfalz-klein_melon-1536x1097.jpg 1536w, https:\/\/melonandthecrew.com\/wp-content\/uploads\/2023\/05\/KunsTraum_Flyer-Wickelfalz-klein_melon-2048x1463.jpg 2048w\" sizes=\"(max-width: 571px) 100vw, 571px\" \/><\/figure><\/div><\/div>\n\n\n\n<div id=\"wp-block-themeisle-blocks-advanced-column-4aa72d00\" class=\"wp-block-themeisle-blocks-advanced-column\"><div class=\"wp-block-image\">\n<figure class=\"aligncenter size-large is-resized\"><img decoding=\"async\" loading=\"lazy\" src=\"https:\/\/melonandthecrew.com\/wp-content\/uploads\/2023\/05\/KunsTraum_Visitenkarte-melon-1024x768.png\" alt=\"\" class=\"wp-image-1809\" width=\"542\" height=\"406\" srcset=\"https:\/\/melonandthecrew.com\/wp-content\/uploads\/2023\/05\/KunsTraum_Visitenkarte-melon-1024x768.png 1024w, https:\/\/melonandthecrew.com\/wp-content\/uploads\/2023\/05\/KunsTraum_Visitenkarte-melon-300x225.png 300w, https:\/\/melonandthecrew.com\/wp-content\/uploads\/2023\/05\/KunsTraum_Visitenkarte-melon-768x576.png 768w, https:\/\/melonandthecrew.com\/wp-content\/uploads\/2023\/05\/KunsTraum_Visitenkarte-melon-1536x1152.png 1536w, https:\/\/melonandthecrew.com\/wp-content\/uploads\/2023\/05\/KunsTraum_Visitenkarte-melon-2048x1536.png 2048w\" sizes=\"(max-width: 542px) 100vw, 542px\" \/><\/figure><\/div><\/div>\n<\/div><\/div>\n<\/div>\n<\/div><\/div>\n\n\n\n<div style=\"height:100px\" aria-hidden=\"true\" class=\"wp-block-spacer\"><\/div>\n\n\n\n<div id=\"wp-block-themeisle-blocks-advanced-columns-f4a68d83\" class=\"wp-block-themeisle-blocks-advanced-columns alignfull has-1-columns has-desktop-equal-layout has-tablet-equal-layout has-mobile-equal-layout has-vertical-center has-dark-bg\"><div class=\"wp-block-themeisle-blocks-advanced-columns-overlay\"><\/div><div class=\"innerblocks-wrap\">\n<div id=\"wp-block-themeisle-blocks-advanced-column-16c8e389\" class=\"wp-block-themeisle-blocks-advanced-column\">\n<h2 class=\"wp-block-heading has-text-align-center has-white-color has-text-color\">REALISIEREN WIR GEMEINSAM DEIN N\u00c4CHSTES PROJEKT. <\/h2>\n\n\n\n<div id=\"wp-block-themeisle-blocks-button-group-f4cfaa7f\" class=\"wp-block-themeisle-blocks-button-group collapse-mobile wp-block-buttons align-center\">\n<div id=\"wp-block-themeisle-blocks-button-2f93f5ec\" class=\"wp-block-themeisle-blocks-button wp-block-button\"><a href=\"https:\/\/melonandthecrew.com\/index.php\/kontakt\/\" target=\"_self\" rel=\"noopener noreferrer\" class=\"wp-block-button__link\"><span>hello melon<\/span><\/a><\/div>\n<\/div>\n<\/div>\n<\/div><\/div>\n","protected":false},"excerpt":{"rendered":"","protected":false},"author":1,"featured_media":0,"parent":0,"menu_order":0,"comment_status":"closed","ping_status":"closed","template":"","meta":{"neve_meta_sidebar":"","neve_meta_container":"","neve_meta_enable_content_width":"","neve_meta_content_width":0,"neve_meta_title_alignment":"","neve_meta_author_avatar":"","neve_post_elements_order":"","neve_meta_disable_header":"","neve_meta_disable_footer":"","neve_meta_disable_title":"","_themeisle_gutenberg_block_has_review":false},"_links":{"self":[{"href":"https:\/\/melonandthecrew.com\/index.php\/wp-json\/wp\/v2\/pages\/1452"}],"collection":[{"href":"https:\/\/melonandthecrew.com\/index.php\/wp-json\/wp\/v2\/pages"}],"about":[{"href":"https:\/\/melonandthecrew.com\/index.php\/wp-json\/wp\/v2\/types\/page"}],"author":[{"embeddable":true,"href":"https:\/\/melonandthecrew.com\/index.php\/wp-json\/wp\/v2\/users\/1"}],"replies":[{"embeddable":true,"href":"https:\/\/melonandthecrew.com\/index.php\/wp-json\/wp\/v2\/comments?post=1452"}],"version-history":[{"count":47,"href":"https:\/\/melonandthecrew.com\/index.php\/wp-json\/wp\/v2\/pages\/1452\/revisions"}],"predecessor-version":[{"id":1879,"href":"https:\/\/melonandthecrew.com\/index.php\/wp-json\/wp\/v2\/pages\/1452\/revisions\/1879"}],"wp:attachment":[{"href":"https:\/\/melonandthecrew.com\/index.php\/wp-json\/wp\/v2\/media?parent=1452"}],"curies":[{"name":"wp","href":"https:\/\/api.w.org\/{rel}","templated":true}]}}