{"id":590,"date":"2020-12-14T15:06:08","date_gmt":"2020-12-14T15:06:08","guid":{"rendered":"https:\/\/melonandthecrew.com\/?page_id=590"},"modified":"2023-05-19T14:38:02","modified_gmt":"2023-05-19T14:38:02","slug":"ultimate-feierteam","status":"publish","type":"page","link":"https:\/\/melonandthecrew.com\/index.php\/ultimate-feierteam\/","title":{"rendered":"ULTIMATE FEIERTEAM"},"content":{"rendered":"\n<div id=\"wp-block-themeisle-blocks-advanced-columns-3911ee9f\" class=\"wp-block-themeisle-blocks-advanced-columns alignfull has-2-columns has-desktop-equal-layout has-tablet-collapsedRows-layout has-mobile-collapsedRows-layout has-vertical-center has-light-bg\"><div class=\"wp-block-themeisle-blocks-advanced-columns-overlay\"><\/div><div class=\"innerblocks-wrap\">\n<div id=\"wp-block-themeisle-blocks-advanced-column-fa091b11\" class=\"wp-block-themeisle-blocks-advanced-column\"><div class=\"wp-block-image is-style-default\">\n<figure class=\"aligncenter size-full is-resized\"><img decoding=\"async\" loading=\"lazy\" src=\"https:\/\/melonandthecrew.com\/wp-content\/uploads\/2023\/05\/UFT_Logo_melon.png\" alt=\"\" class=\"wp-image-1733\" width=\"437\" height=\"437\" srcset=\"https:\/\/melonandthecrew.com\/wp-content\/uploads\/2023\/05\/UFT_Logo_melon.png 1000w, https:\/\/melonandthecrew.com\/wp-content\/uploads\/2023\/05\/UFT_Logo_melon-300x300.png 300w, https:\/\/melonandthecrew.com\/wp-content\/uploads\/2023\/05\/UFT_Logo_melon-150x150.png 150w, https:\/\/melonandthecrew.com\/wp-content\/uploads\/2023\/05\/UFT_Logo_melon-768x768.png 768w\" sizes=\"(max-width: 437px) 100vw, 437px\" \/><\/figure><\/div><\/div>\n\n\n\n<div id=\"wp-block-themeisle-blocks-advanced-column-13d6a415\" class=\"wp-block-themeisle-blocks-advanced-column ticss-44eccd86\">\n<p>Das Ultimate Feierteam, eine Gamer-Gemeinschaft aus der E-Sports-Branche ben\u00f6tigte ein Emblem als Spiel-internes Erkennungslogo. Es soll gem\u00e4ss dem Selbstverst\u00e4ndnis des Trupps heroisch und episch wirken.<\/p>\n\n\n\n<p class=\"has-text-align-left\">Wir ber\u00fccksichtigten bei der Gestaltung die im Destiny-Universum vorkommenden Elemente und ihre typische Farbe Blau. Das Emblem wurde f\u00fcr die Nutzung auf diversen Streaming-Platformen sowie f\u00fcr ihr Gaming-Equipment aufbereitet. <\/p>\n<\/div>\n<\/div><\/div>\n\n\n\n<div id=\"wp-block-themeisle-blocks-advanced-columns-71552b99\" class=\"wp-block-themeisle-blocks-advanced-columns alignfull has-1-columns has-desktop-equal-layout has-tablet-equal-layout has-mobile-equal-layout has-vertical-unset\"><div class=\"wp-block-themeisle-blocks-advanced-columns-overlay\"><\/div><div class=\"innerblocks-wrap\">\n<div id=\"wp-block-themeisle-blocks-advanced-column-923225ef\" class=\"wp-block-themeisle-blocks-advanced-column\">\n<div class=\"wp-block-columns has-nv-site-bg-background-color has-background is-layout-flex wp-container-3\">\n<div class=\"wp-block-column is-layout-flow\"><div class=\"wp-block-image is-style-default\">\n<figure class=\"aligncenter size-large\"><img decoding=\"async\" loading=\"lazy\" width=\"1024\" height=\"1024\" src=\"https:\/\/melonandthecrew.com\/wp-content\/uploads\/2023\/05\/UFT_xBox-Controller_melon-1-1024x1024.png\" alt=\"\" class=\"wp-image-1749\" srcset=\"https:\/\/melonandthecrew.com\/wp-content\/uploads\/2023\/05\/UFT_xBox-Controller_melon-1-1024x1024.png 1024w, https:\/\/melonandthecrew.com\/wp-content\/uploads\/2023\/05\/UFT_xBox-Controller_melon-1-300x300.png 300w, https:\/\/melonandthecrew.com\/wp-content\/uploads\/2023\/05\/UFT_xBox-Controller_melon-1-150x150.png 150w, https:\/\/melonandthecrew.com\/wp-content\/uploads\/2023\/05\/UFT_xBox-Controller_melon-1-768x768.png 768w, https:\/\/melonandthecrew.com\/wp-content\/uploads\/2023\/05\/UFT_xBox-Controller_melon-1-1536x1536.png 1536w, https:\/\/melonandthecrew.com\/wp-content\/uploads\/2023\/05\/UFT_xBox-Controller_melon-1-2048x2048.png 2048w\" sizes=\"(max-width: 1024px) 100vw, 1024px\" \/><\/figure><\/div><\/div>\n\n\n\n<div class=\"wp-block-column is-layout-flow\"><div class=\"wp-block-image is-style-default\">\n<figure class=\"aligncenter size-large\"><img decoding=\"async\" loading=\"lazy\" width=\"1024\" height=\"1024\" src=\"https:\/\/melonandthecrew.com\/wp-content\/uploads\/2023\/05\/UFT_Hoodie_melon-1024x1024.png\" alt=\"\" class=\"wp-image-1748\" srcset=\"https:\/\/melonandthecrew.com\/wp-content\/uploads\/2023\/05\/UFT_Hoodie_melon-1024x1024.png 1024w, https:\/\/melonandthecrew.com\/wp-content\/uploads\/2023\/05\/UFT_Hoodie_melon-300x300.png 300w, https:\/\/melonandthecrew.com\/wp-content\/uploads\/2023\/05\/UFT_Hoodie_melon-150x150.png 150w, https:\/\/melonandthecrew.com\/wp-content\/uploads\/2023\/05\/UFT_Hoodie_melon-768x768.png 768w, https:\/\/melonandthecrew.com\/wp-content\/uploads\/2023\/05\/UFT_Hoodie_melon-1536x1536.png 1536w, https:\/\/melonandthecrew.com\/wp-content\/uploads\/2023\/05\/UFT_Hoodie_melon-2048x2048.png 2048w\" sizes=\"(max-width: 1024px) 100vw, 1024px\" \/><\/figure><\/div><\/div>\n<\/div>\n<\/div>\n<\/div><\/div>\n\n\n\n<div id=\"wp-block-themeisle-blocks-advanced-columns-73b6e3c4\" class=\"wp-block-themeisle-blocks-advanced-columns has-1-columns has-desktop-equal-layout has-tablet-equal-layout has-mobile-equal-layout has-vertical-unset\"><div class=\"wp-block-themeisle-blocks-advanced-columns-overlay\"><\/div><div class=\"innerblocks-wrap\">\n<div id=\"wp-block-themeisle-blocks-advanced-column-1804ba9b\" class=\"wp-block-themeisle-blocks-advanced-column\"><div class=\"wp-block-image\">\n<figure class=\"aligncenter size-large is-resized\"><img decoding=\"async\" loading=\"lazy\" src=\"https:\/\/melonandthecrew.com\/wp-content\/uploads\/2023\/05\/UFT_Sticker_melon-1024x562.png\" alt=\"\" class=\"wp-image-1752\" width=\"1090\" height=\"599\" srcset=\"https:\/\/melonandthecrew.com\/wp-content\/uploads\/2023\/05\/UFT_Sticker_melon-1024x562.png 1024w, https:\/\/melonandthecrew.com\/wp-content\/uploads\/2023\/05\/UFT_Sticker_melon-300x165.png 300w, https:\/\/melonandthecrew.com\/wp-content\/uploads\/2023\/05\/UFT_Sticker_melon-768x421.png 768w, https:\/\/melonandthecrew.com\/wp-content\/uploads\/2023\/05\/UFT_Sticker_melon-1536x843.png 1536w, https:\/\/melonandthecrew.com\/wp-content\/uploads\/2023\/05\/UFT_Sticker_melon-2048x1123.png 2048w\" sizes=\"(max-width: 1090px) 100vw, 1090px\" \/><\/figure><\/div><\/div>\n<\/div><\/div>\n\n\n\n<div style=\"height:100px\" aria-hidden=\"true\" class=\"wp-block-spacer\"><\/div>\n\n\n\n<div id=\"wp-block-themeisle-blocks-advanced-columns-f4a68d83\" class=\"wp-block-themeisle-blocks-advanced-columns alignfull has-1-columns has-desktop-equal-layout has-tablet-equal-layout has-mobile-equal-layout has-vertical-center has-dark-bg\"><div class=\"wp-block-themeisle-blocks-advanced-columns-overlay\"><\/div><div class=\"innerblocks-wrap\">\n<div id=\"wp-block-themeisle-blocks-advanced-column-16c8e389\" class=\"wp-block-themeisle-blocks-advanced-column\">\n<h2 class=\"wp-block-heading has-text-align-center has-white-color has-text-color\">REALISIEREN WIR GEMEINSAM DEIN N\u00c4CHSTES PROJEKT. <\/h2>\n\n\n\n<div id=\"wp-block-themeisle-blocks-button-group-f4cfaa7f\" class=\"wp-block-themeisle-blocks-button-group collapse-mobile wp-block-buttons align-center\">\n<div id=\"wp-block-themeisle-blocks-button-2f93f5ec\" class=\"wp-block-themeisle-blocks-button wp-block-button\"><a href=\"https:\/\/melonandthecrew.com\/index.php\/kontakt\/\" target=\"_self\" rel=\"noopener noreferrer\" class=\"wp-block-button__link\"><span>hello melon<\/span><\/a><\/div>\n<\/div>\n<\/div>\n<\/div><\/div>\n","protected":false},"excerpt":{"rendered":"","protected":false},"author":1,"featured_media":0,"parent":0,"menu_order":0,"comment_status":"closed","ping_status":"closed","template":"","meta":{"neve_meta_sidebar":"full-width","neve_meta_container":"","neve_meta_enable_content_width":"on","neve_meta_content_width":100,"neve_meta_title_alignment":"","neve_meta_author_avatar":"","neve_post_elements_order":"","neve_meta_disable_header":"","neve_meta_disable_footer":"","neve_meta_disable_title":"","_themeisle_gutenberg_block_has_review":false},"_links":{"self":[{"href":"https:\/\/melonandthecrew.com\/index.php\/wp-json\/wp\/v2\/pages\/590"}],"collection":[{"href":"https:\/\/melonandthecrew.com\/index.php\/wp-json\/wp\/v2\/pages"}],"about":[{"href":"https:\/\/melonandthecrew.com\/index.php\/wp-json\/wp\/v2\/types\/page"}],"author":[{"embeddable":true,"href":"https:\/\/melonandthecrew.com\/index.php\/wp-json\/wp\/v2\/users\/1"}],"replies":[{"embeddable":true,"href":"https:\/\/melonandthecrew.com\/index.php\/wp-json\/wp\/v2\/comments?post=590"}],"version-history":[{"count":52,"href":"https:\/\/melonandthecrew.com\/index.php\/wp-json\/wp\/v2\/pages\/590\/revisions"}],"predecessor-version":[{"id":1772,"href":"https:\/\/melonandthecrew.com\/index.php\/wp-json\/wp\/v2\/pages\/590\/revisions\/1772"}],"wp:attachment":[{"href":"https:\/\/melonandthecrew.com\/index.php\/wp-json\/wp\/v2\/media?parent=590"}],"curies":[{"name":"wp","href":"https:\/\/api.w.org\/{rel}","templated":true}]}}