{"id":774,"date":"2021-02-24T15:13:34","date_gmt":"2021-02-24T15:13:34","guid":{"rendered":"https:\/\/melonandthecrew.com\/?page_id=774"},"modified":"2023-06-09T11:06:10","modified_gmt":"2023-06-09T11:06:10","slug":"774-2","status":"publish","type":"page","link":"https:\/\/melonandthecrew.com\/index.php\/774-2\/","title":{"rendered":"ANKER GASTRO GMBH"},"content":{"rendered":"\n<div id=\"wp-block-themeisle-blocks-advanced-columns-3911ee9f\" class=\"wp-block-themeisle-blocks-advanced-columns alignfull has-2-columns has-desktop-equal-layout has-tablet-collapsedRows-layout has-mobile-collapsedRows-layout has-vertical-center has-light-bg\"><div class=\"wp-block-themeisle-blocks-advanced-columns-overlay\"><\/div><div class=\"innerblocks-wrap\">\n<div id=\"wp-block-themeisle-blocks-advanced-column-fa091b11\" class=\"wp-block-themeisle-blocks-advanced-column\"><div class=\"wp-block-image is-style-default\">\n<figure class=\"aligncenter size-large is-resized\"><img decoding=\"async\" loading=\"lazy\" src=\"https:\/\/melonandthecrew.com\/wp-content\/uploads\/2021\/02\/ANKER_2021_klein-01-1-799x1024.png\" alt=\"\" class=\"wp-image-777\" width=\"349\" height=\"446\" srcset=\"https:\/\/melonandthecrew.com\/wp-content\/uploads\/2021\/02\/ANKER_2021_klein-01-1-799x1024.png 799w, https:\/\/melonandthecrew.com\/wp-content\/uploads\/2021\/02\/ANKER_2021_klein-01-1-234x300.png 234w, https:\/\/melonandthecrew.com\/wp-content\/uploads\/2021\/02\/ANKER_2021_klein-01-1-768x984.png 768w, https:\/\/melonandthecrew.com\/wp-content\/uploads\/2021\/02\/ANKER_2021_klein-01-1-1199x1536.png 1199w, https:\/\/melonandthecrew.com\/wp-content\/uploads\/2021\/02\/ANKER_2021_klein-01-1.png 1224w\" sizes=\"(max-width: 349px) 100vw, 349px\" \/><\/figure><\/div><\/div>\n\n\n\n<div id=\"wp-block-themeisle-blocks-advanced-column-13d6a415\" class=\"wp-block-themeisle-blocks-advanced-column ticss-44eccd86\">\n<p> <\/p>\n\n\n\n<p>Die beliebte Flaniermeile am su\u0308dlichen Aareufer zwischen dem Schwimmbad Schachen und dem Rombachweg soll um einen zweiten Restaurationsbetrieb mit direktem Blick auf den Aareraum erweitert werden. Die Anker Gastro GmbH engagierte uns f\u00fcr die Portr\u00e4tierung ihres Gastro-Konzepts zur Teilnahme an der Ausschriebung \u00ab2. Sommerwirtschaft an der Aare\u00bb.<\/p>\n\n\n\n<p class=\"has-text-align-left\">Wir brachten ihre Vision inkl. Angebote und Projektplanung in einem klaren Layout auf Papier. Dieses versehrten wir mit anschaulichen Texten, Bildern sowie Farbdesign-Studien um die Stimmung und Atmosph\u00e4re aufzuzeigen. Zus\u00e4tzlich entwickelten wir eine Marketingstrategie, dazu passende Werbemittel und bereiteten ihre digitalen Auftritte vor.<\/p>\n<\/div>\n<\/div><\/div>\n\n\n\n<div style=\"height:100px\" aria-hidden=\"true\" class=\"wp-block-spacer\"><\/div>\n\n\n\n<h2 class=\"wp-block-heading\">Im ANKER finden jung, alt, modern, bodenst\u00e4ndig, nachhaltig, wohlhabend und erschwinglich Platz unter einem einzigen Hut &#8211; gastronomisch wie auch gesellschaftlich.<\/h2>\n\n\n\n<div id=\"wp-block-themeisle-blocks-advanced-columns-71552b99\" class=\"wp-block-themeisle-blocks-advanced-columns alignfull has-1-columns has-desktop-equal-layout has-tablet-equal-layout has-mobile-equal-layout has-vertical-unset\"><div class=\"wp-block-themeisle-blocks-advanced-columns-overlay\"><\/div><div class=\"innerblocks-wrap\">\n<div id=\"wp-block-themeisle-blocks-advanced-column-923225ef\" class=\"wp-block-themeisle-blocks-advanced-column\">\n<div class=\"wp-block-columns has-nv-site-bg-background-color has-background is-layout-flex wp-container-3\">\n<div class=\"wp-block-column is-layout-flow\"><div class=\"wp-block-image is-style-default\">\n<figure class=\"aligncenter size-large\"><a href=\"#\"><img decoding=\"async\" loading=\"lazy\" width=\"944\" height=\"768\" src=\"https:\/\/melonandthecrew.com\/wp-content\/uploads\/2021\/02\/Anker-Bewerbungsdossier-21.png\" alt=\"\" class=\"wp-image-799\" srcset=\"https:\/\/melonandthecrew.com\/wp-content\/uploads\/2021\/02\/Anker-Bewerbungsdossier-21.png 944w, https:\/\/melonandthecrew.com\/wp-content\/uploads\/2021\/02\/Anker-Bewerbungsdossier-21-300x244.png 300w, https:\/\/melonandthecrew.com\/wp-content\/uploads\/2021\/02\/Anker-Bewerbungsdossier-21-768x625.png 768w\" sizes=\"(max-width: 944px) 100vw, 944px\" \/><\/a><\/figure><\/div>\n\n\n<div style=\"height:38px\" aria-hidden=\"true\" class=\"wp-block-spacer\"><\/div>\n\n\n\n<p>Die G\u00e4ste erwartet ein Pager-gestu\u0308tztes Selbstbedienungskonzept, bestehend aus mehreren, hochwertig ausgebauten Containern. Das Angebot umfasst eine Bar, zwei Foodst\u00e4nde sowie einen Glac\u00e9-Stand. Die Bar \u2212 und damit die Gesamtheit aller Getr\u00e4nke \u2212 werden von Anker selber vertrieben. <\/p>\n<\/div>\n\n\n\n<div class=\"wp-block-column is-layout-flow\"><div class=\"wp-block-image is-style-default\">\n<figure class=\"aligncenter size-large\"><a href=\"#\"><img decoding=\"async\" loading=\"lazy\" width=\"944\" height=\"768\" src=\"https:\/\/melonandthecrew.com\/wp-content\/uploads\/2021\/02\/Getra\u0308nke-Karte-Anker.png\" alt=\"\" class=\"wp-image-779\" srcset=\"https:\/\/melonandthecrew.com\/wp-content\/uploads\/2021\/02\/Getra\u0308nke-Karte-Anker.png 944w, https:\/\/melonandthecrew.com\/wp-content\/uploads\/2021\/02\/Getra\u0308nke-Karte-Anker-300x244.png 300w, https:\/\/melonandthecrew.com\/wp-content\/uploads\/2021\/02\/Getra\u0308nke-Karte-Anker-768x625.png 768w\" sizes=\"(max-width: 944px) 100vw, 944px\" \/><\/a><\/figure><\/div>\n\n\n<div style=\"height:38px\" aria-hidden=\"true\" class=\"wp-block-spacer\"><\/div>\n\n\n\n<p>Um ihren G\u00e4sten gleichbleibend hochwertige Standards und ein abwechslungsreiches Angebot gew\u00e4hrleisten zu k\u00f6nnen, setzen sie im Bereich Food auf die Zusammenarbeit mit zwei kompetenten und etablierten Partnern. Die Getr\u00e4nkeauswahl der von ihnen selber gefu\u0308hrten ANKER-Bar tr\u00e4gt dem Umstand Rechnung, dass Aaraus Flaniermeile von breiten Bev\u00f6lkerungsschichten genutzt wird. Das Angebot ist daher genauso vielseitig.<\/p>\n<\/div>\n<\/div>\n<\/div>\n<\/div><\/div>\n\n\n<div class=\"wp-block-image\">\n<figure class=\"aligncenter size-large\"><img decoding=\"async\" loading=\"lazy\" width=\"1024\" height=\"684\" src=\"https:\/\/melonandthecrew.com\/wp-content\/uploads\/2022\/07\/2-Vorab-4_klein.png\" alt=\"\" class=\"wp-image-909\" srcset=\"https:\/\/melonandthecrew.com\/wp-content\/uploads\/2022\/07\/2-Vorab-4_klein.png 1024w, https:\/\/melonandthecrew.com\/wp-content\/uploads\/2022\/07\/2-Vorab-4_klein-300x200.png 300w, https:\/\/melonandthecrew.com\/wp-content\/uploads\/2022\/07\/2-Vorab-4_klein-768x513.png 768w, https:\/\/melonandthecrew.com\/wp-content\/uploads\/2022\/07\/2-Vorab-4_klein-930x620.png 930w\" sizes=\"(max-width: 1024px) 100vw, 1024px\" \/><figcaption class=\"wp-element-caption\"><strong>\u00abNATURNAHE GEM\u00dcTLICHKEIT MITTEN IM URBANEN RAUM.\u00bb<\/strong><\/figcaption><\/figure><\/div>\n\n\n<div id=\"wp-block-themeisle-blocks-advanced-columns-673cfd95\" class=\"wp-block-themeisle-blocks-advanced-columns alignfull has-1-columns has-desktop-equal-layout has-tablet-equal-layout has-mobile-equal-layout has-vertical-unset\"><div class=\"wp-block-themeisle-blocks-advanced-columns-overlay\"><\/div><div class=\"innerblocks-wrap\">\n<div id=\"wp-block-themeisle-blocks-advanced-column-48818e67\" class=\"wp-block-themeisle-blocks-advanced-column\">\n<div class=\"wp-block-columns has-nv-site-bg-background-color has-background is-layout-flex wp-container-6\">\n<div class=\"wp-block-column is-layout-flow\"><div class=\"wp-block-image is-style-default\">\n<figure class=\"aligncenter size-large\"><a href=\"#\"><img decoding=\"async\" loading=\"lazy\" width=\"944\" height=\"768\" src=\"https:\/\/melonandthecrew.com\/wp-content\/uploads\/2021\/02\/Anker-Seiten-01_02.png\" alt=\"\" class=\"wp-image-801\" srcset=\"https:\/\/melonandthecrew.com\/wp-content\/uploads\/2021\/02\/Anker-Seiten-01_02.png 944w, https:\/\/melonandthecrew.com\/wp-content\/uploads\/2021\/02\/Anker-Seiten-01_02-300x244.png 300w, https:\/\/melonandthecrew.com\/wp-content\/uploads\/2021\/02\/Anker-Seiten-01_02-768x625.png 768w\" sizes=\"(max-width: 944px) 100vw, 944px\" \/><\/a><\/figure><\/div>\n\n\n<div style=\"height:38px\" aria-hidden=\"true\" class=\"wp-block-spacer\"><\/div>\n\n\n\n<p>Das Burger-Restaurant MANITO BURGER aus Baden, ihr erster Food-Partner, erfu\u0308llt alle ihre Anspru\u0308che: Das bekannteste Burgerkonzept des Kantons Aargau arbeitet ausschliesslich mit frischen Zutaten, die konsequent aus der Region bezogen werden.<\/p>\n\n\n\n<p>Mit ihrem zweiten Food-Partner schaffen sie an Aaraus Flaniermeile<br>kulinarische Ferienstimmung: El Patr\u00f3n offeriert klassisch-authentische spanische Tapasgerichte, wie man sie von Tapasbars in Andalusien, Katalonien oder Gallizien kennt. Die raffinierte spanische Tapasku\u0308che befriedigt Feinschmecker-Gaumen ebenso wie FleischliebhaberInnen, VegetarierInnen und VeganerInnen.<\/p>\n<\/div>\n\n\n\n<div class=\"wp-block-column is-layout-flow\"><div class=\"wp-block-image is-style-default\">\n<figure class=\"aligncenter size-large\"><a href=\"#\"><img decoding=\"async\" loading=\"lazy\" width=\"944\" height=\"768\" src=\"https:\/\/melonandthecrew.com\/wp-content\/uploads\/2021\/02\/Anker-Seiten-04_02.png\" alt=\"\" class=\"wp-image-802\" srcset=\"https:\/\/melonandthecrew.com\/wp-content\/uploads\/2021\/02\/Anker-Seiten-04_02.png 944w, https:\/\/melonandthecrew.com\/wp-content\/uploads\/2021\/02\/Anker-Seiten-04_02-300x244.png 300w, https:\/\/melonandthecrew.com\/wp-content\/uploads\/2021\/02\/Anker-Seiten-04_02-768x625.png 768w\" sizes=\"(max-width: 944px) 100vw, 944px\" \/><\/a><\/figure><\/div>\n\n\n<div style=\"height:38px\" aria-hidden=\"true\" class=\"wp-block-spacer\"><\/div>\n\n\n\n<p>Ihr junger, frecher Glac\u00e9-Partner KALTE LUST beweist, dass faires und respektvolles Gesch\u00e4ften funktioniert. Die Glac\u00e9-Manufaktur aus Olten produziertausschliesslich mit regional produzierter Bio-Milch.<\/p>\n\n\n\n<p>Exotische Zutaten wie Vanille, Schokolade &amp; Co. sind ausnahmslos fair gehandelt und nachhaltig produziert. Nebst klassischen Glac\u00e9- und Sorbet-Variationen bietet KALTE LUST vegane Sorten auf Bio-Reismilch-Basis an.<\/p>\n\n\n\n<p class=\"has-text-align-center\">\u00abMIT HOHEN ANSPR\u00dcCHEN AN DAS WOHLBEFINDEN SEINER G\u00c4STE.\u00bb<\/p>\n<\/div>\n<\/div>\n<\/div>\n<\/div><\/div>\n\n\n<div class=\"wp-block-image\">\n<figure class=\"aligncenter size-large\"><img decoding=\"async\" loading=\"lazy\" width=\"1024\" height=\"713\" src=\"https:\/\/melonandthecrew.com\/wp-content\/uploads\/2022\/07\/1-Vorab-4_klein-1024x713.png\" alt=\"\" class=\"wp-image-911\" srcset=\"https:\/\/melonandthecrew.com\/wp-content\/uploads\/2022\/07\/1-Vorab-4_klein-1024x713.png 1024w, https:\/\/melonandthecrew.com\/wp-content\/uploads\/2022\/07\/1-Vorab-4_klein-300x209.png 300w, https:\/\/melonandthecrew.com\/wp-content\/uploads\/2022\/07\/1-Vorab-4_klein-768x535.png 768w, https:\/\/melonandthecrew.com\/wp-content\/uploads\/2022\/07\/1-Vorab-4_klein.png 1500w\" sizes=\"(max-width: 1024px) 100vw, 1024px\" \/><figcaption class=\"wp-element-caption\"><strong>\u00abDER ANKER STEHT SYNONYM F\u00dcR DEN BEGEGNUNGSORT AM SCH\u00d6NSTEN ORT IN AARAU.\u00bb<\/strong><\/figcaption><\/figure><\/div>\n\n\n<div id=\"wp-block-themeisle-blocks-advanced-columns-4f934b87\" class=\"wp-block-themeisle-blocks-advanced-columns alignfull has-1-columns has-desktop-equal-layout has-tablet-equal-layout has-mobile-equal-layout has-vertical-unset\"><div class=\"wp-block-themeisle-blocks-advanced-columns-overlay\"><\/div><div class=\"innerblocks-wrap\">\n<div id=\"wp-block-themeisle-blocks-advanced-column-e4feb7c9\" class=\"wp-block-themeisle-blocks-advanced-column\">\n<div class=\"wp-block-columns has-nv-site-bg-background-color has-background is-layout-flex wp-container-9\">\n<div class=\"wp-block-column is-layout-flow\"><div class=\"wp-block-image is-style-default\">\n<figure class=\"aligncenter size-large\"><a href=\"#\"><img decoding=\"async\" loading=\"lazy\" width=\"944\" height=\"768\" src=\"https:\/\/melonandthecrew.com\/wp-content\/uploads\/2021\/02\/Anker-Seiten-02_02.png\" alt=\"\" class=\"wp-image-803\" srcset=\"https:\/\/melonandthecrew.com\/wp-content\/uploads\/2021\/02\/Anker-Seiten-02_02.png 944w, https:\/\/melonandthecrew.com\/wp-content\/uploads\/2021\/02\/Anker-Seiten-02_02-300x244.png 300w, https:\/\/melonandthecrew.com\/wp-content\/uploads\/2021\/02\/Anker-Seiten-02_02-768x625.png 768w\" sizes=\"(max-width: 944px) 100vw, 944px\" \/><\/a><\/figure><\/div>\n\n\n<div style=\"height:38px\" aria-hidden=\"true\" class=\"wp-block-spacer\"><\/div>\n\n\n\n<p>In Zusammenarbeit mit dem Oltener Architekten Alfred Anker wurde die Container-Komposition fu\u0308r den Gastronomie-Betrieb entwickelt. Sie soll sich natu\u0308rlich in die Umgebung einfu\u0308gen, daher folgt die Ausrichtungen der Container dem Verlauf des Flusses bzw. des Uferwegs.<\/p>\n\n\n\n<p>Ihre begru\u0308nten D\u00e4cher sorgen fu\u0308r einen optisch integrierenden \u00dcbergang der Container in das natu\u0308rliche Umgebungsgru\u0308n.<\/p>\n<\/div>\n\n\n\n<div class=\"wp-block-column is-layout-flow\"><div class=\"wp-block-image is-style-default\">\n<figure class=\"aligncenter size-large\"><a href=\"#\"><img decoding=\"async\" loading=\"lazy\" width=\"944\" height=\"768\" src=\"https:\/\/melonandthecrew.com\/wp-content\/uploads\/2021\/02\/Anker-Seiten-03_02.png\" alt=\"\" class=\"wp-image-804\" srcset=\"https:\/\/melonandthecrew.com\/wp-content\/uploads\/2021\/02\/Anker-Seiten-03_02.png 944w, https:\/\/melonandthecrew.com\/wp-content\/uploads\/2021\/02\/Anker-Seiten-03_02-300x244.png 300w, https:\/\/melonandthecrew.com\/wp-content\/uploads\/2021\/02\/Anker-Seiten-03_02-768x625.png 768w\" sizes=\"(max-width: 944px) 100vw, 944px\" \/><\/a><\/figure><\/div>\n\n\n<div style=\"height:38px\" aria-hidden=\"true\" class=\"wp-block-spacer\"><\/div>\n\n\n\n<p>Gegen den Uferweg hin wird das Areal durch getopfte Felsenbirnen subtil begrenzt. Mittels grosser Wettersegel k\u00f6nnen bis zu 60% der bewirtschafteten Fl\u00e4che abgedeckt werden. Die Segel sind einziehbar und dienen als Sonnen- wie auch als Regenschutz.<\/p>\n\n\n\n<p>Die Dachbegru\u0308nung der Container ist nicht bloss ein cooler Gag. Vielmehr entspricht sie einem zukunftsgerichteten baulichen Konzept mit \u00f6kologischem, \u00e4sthetischem und \u00f6konomischem Mehrwert.<\/p>\n<\/div>\n<\/div>\n<\/div>\n<\/div><\/div>\n\n\n<div class=\"wp-block-image\">\n<figure class=\"aligncenter size-large\"><img decoding=\"async\" loading=\"lazy\" width=\"1024\" height=\"682\" src=\"https:\/\/melonandthecrew.com\/wp-content\/uploads\/2022\/07\/Manito1-1024x682.jpg\" alt=\"\" class=\"wp-image-912\" srcset=\"https:\/\/melonandthecrew.com\/wp-content\/uploads\/2022\/07\/Manito1-1024x682.jpg 1024w, https:\/\/melonandthecrew.com\/wp-content\/uploads\/2022\/07\/Manito1-300x200.jpg 300w, https:\/\/melonandthecrew.com\/wp-content\/uploads\/2022\/07\/Manito1-768x512.jpg 768w, https:\/\/melonandthecrew.com\/wp-content\/uploads\/2022\/07\/Manito1-1536x1024.jpg 1536w, https:\/\/melonandthecrew.com\/wp-content\/uploads\/2022\/07\/Manito1-930x620.jpg 930w, https:\/\/melonandthecrew.com\/wp-content\/uploads\/2022\/07\/Manito1.jpg 2000w\" sizes=\"(max-width: 1024px) 100vw, 1024px\" \/><figcaption class=\"wp-element-caption\"><strong>\u00abDER ANKER WILL KEINE KUNDEN HABEN, SONDERN FREUNDE UND BEKANNTE ZU GAST.\u00bb<\/strong><\/figcaption><\/figure><\/div>\n\n\n<div id=\"wp-block-themeisle-blocks-advanced-columns-cad12088\" class=\"wp-block-themeisle-blocks-advanced-columns alignfull has-1-columns has-desktop-equal-layout has-tablet-equal-layout has-mobile-equal-layout has-vertical-unset\"><div class=\"wp-block-themeisle-blocks-advanced-columns-overlay\"><\/div><div class=\"innerblocks-wrap\">\n<div id=\"wp-block-themeisle-blocks-advanced-column-d090c4b7\" class=\"wp-block-themeisle-blocks-advanced-column\">\n<div class=\"wp-block-columns has-nv-site-bg-background-color has-background is-layout-flex wp-container-12\">\n<div class=\"wp-block-column is-layout-flow\"><div class=\"wp-block-image is-style-default\">\n<figure class=\"aligncenter size-large\"><a href=\"#\"><img decoding=\"async\" loading=\"lazy\" width=\"944\" height=\"768\" src=\"https:\/\/melonandthecrew.com\/wp-content\/uploads\/2021\/02\/Werbung-und-FB-Ansicht-Anker.png\" alt=\"\" class=\"wp-image-791\" srcset=\"https:\/\/melonandthecrew.com\/wp-content\/uploads\/2021\/02\/Werbung-und-FB-Ansicht-Anker.png 944w, https:\/\/melonandthecrew.com\/wp-content\/uploads\/2021\/02\/Werbung-und-FB-Ansicht-Anker-300x244.png 300w, https:\/\/melonandthecrew.com\/wp-content\/uploads\/2021\/02\/Werbung-und-FB-Ansicht-Anker-768x625.png 768w\" sizes=\"(max-width: 944px) 100vw, 944px\" \/><\/a><\/figure><\/div>\n\n\n<div style=\"height:38px\" aria-hidden=\"true\" class=\"wp-block-spacer\"><\/div>\n\n\n\n<p>Um alle Alters- und Interessengruppen zu erreichen, setzen sie auf eine All-Media-Strategie: Es werden klassische wie auch neue digitale Kan\u00e4le bespielt. Nebst Zeitungs-, Kino- und Flyerwerbung in Aarau und der Agglomeration sollen eine lebendige Webseite sowie SocialMedia-Auftritte entstehen.<\/p>\n<\/div>\n\n\n\n<div class=\"wp-block-column is-layout-flow\"><div class=\"wp-block-image is-style-default\">\n<figure class=\"aligncenter size-large\"><a href=\"#\"><img decoding=\"async\" loading=\"lazy\" width=\"944\" height=\"768\" src=\"https:\/\/melonandthecrew.com\/wp-content\/uploads\/2021\/02\/Instagram-Ansicht-Anker.png\" alt=\"\" class=\"wp-image-789\" srcset=\"https:\/\/melonandthecrew.com\/wp-content\/uploads\/2021\/02\/Instagram-Ansicht-Anker.png 944w, https:\/\/melonandthecrew.com\/wp-content\/uploads\/2021\/02\/Instagram-Ansicht-Anker-300x244.png 300w, https:\/\/melonandthecrew.com\/wp-content\/uploads\/2021\/02\/Instagram-Ansicht-Anker-768x625.png 768w\" sizes=\"(max-width: 944px) 100vw, 944px\" \/><\/a><\/figure><\/div>\n\n\n<div style=\"height:38px\" aria-hidden=\"true\" class=\"wp-block-spacer\"><\/div>\n\n\n\n<p>Besondere Aufmerksamkeit legen sie auf die Bildung einer Anker-Aarau-Community in den sozialen Medien. W\u00e4hrend Instagram sich vor allem fu\u0308r den aktiven Austausch mit G\u00e4sten eignet, wird Facebook als verl\u00e4ngerter Arm der Webseite vor allem fu\u0308r die Verbreitung kurzfristiger Informationen und bspw. auch als Reservations- Tool sorgen.<\/p>\n<\/div>\n<\/div>\n<\/div>\n<\/div><\/div>\n\n\n\n<div id=\"wp-block-themeisle-blocks-advanced-columns-9e6b316c\" class=\"wp-block-themeisle-blocks-advanced-columns alignfull has-1-columns has-desktop-equal-layout has-tablet-equal-layout has-mobile-equal-layout has-vertical-unset\"><div class=\"wp-block-themeisle-blocks-advanced-columns-overlay\"><\/div><div class=\"innerblocks-wrap\">\n<div id=\"wp-block-themeisle-blocks-advanced-column-73abdde2\" class=\"wp-block-themeisle-blocks-advanced-column\">\n<div class=\"wp-block-columns has-nv-site-bg-background-color has-background is-layout-flex wp-container-15\">\n<div class=\"wp-block-column is-layout-flow\"><div class=\"wp-block-image is-style-default\">\n<figure class=\"aligncenter size-large\"><a href=\"#\"><img decoding=\"async\" loading=\"lazy\" width=\"944\" height=\"768\" src=\"https:\/\/melonandthecrew.com\/wp-content\/uploads\/2021\/02\/Web-Ansicht-Anker.png\" alt=\"\" class=\"wp-image-788\" srcset=\"https:\/\/melonandthecrew.com\/wp-content\/uploads\/2021\/02\/Web-Ansicht-Anker.png 944w, https:\/\/melonandthecrew.com\/wp-content\/uploads\/2021\/02\/Web-Ansicht-Anker-300x244.png 300w, https:\/\/melonandthecrew.com\/wp-content\/uploads\/2021\/02\/Web-Ansicht-Anker-768x625.png 768w\" sizes=\"(max-width: 944px) 100vw, 944px\" \/><\/a><\/figure><\/div>\n\n\n<div style=\"height:38px\" aria-hidden=\"true\" class=\"wp-block-spacer\"><\/div>\n\n\n\n<p>Mit einer starken Anker-Community, die sich mit Ideen und Ru\u0308ckmeldungen aktiv am Anker beteiligen kann und die ernst- und wahrgenommen wird, ist eine hohe Bindung generiert werden.<\/p>\n<\/div>\n\n\n\n<div class=\"wp-block-column is-layout-flow\"><div class=\"wp-block-image is-style-default\">\n<figure class=\"aligncenter size-large\"><a href=\"#\"><img decoding=\"async\" loading=\"lazy\" width=\"944\" height=\"768\" src=\"https:\/\/melonandthecrew.com\/wp-content\/uploads\/2021\/02\/Ansicht-Merch-Anker.png\" alt=\"\" class=\"wp-image-792\" srcset=\"https:\/\/melonandthecrew.com\/wp-content\/uploads\/2021\/02\/Ansicht-Merch-Anker.png 944w, https:\/\/melonandthecrew.com\/wp-content\/uploads\/2021\/02\/Ansicht-Merch-Anker-300x244.png 300w, https:\/\/melonandthecrew.com\/wp-content\/uploads\/2021\/02\/Ansicht-Merch-Anker-768x625.png 768w\" sizes=\"(max-width: 944px) 100vw, 944px\" \/><\/a><\/figure><\/div>\n\n\n<div style=\"height:38px\" aria-hidden=\"true\" class=\"wp-block-spacer\"><\/div>\n\n\n\n<p>Um die Marke ANKER AARAU in Aarau und Umgebung zu verbreiten, fertigen wir ein Merchandise-Sortiment an. <\/p>\n\n\n\n<p>Die betreffenden Artikel werden vor Ort, u\u0308ber die Website und Social- Media-Kan\u00e4le zum Kauf angeboten und kommen als Wettbewerbs-Preise und sonstige Give-Aways in Umlauf.<\/p>\n<\/div>\n<\/div>\n<\/div>\n<\/div><\/div>\n\n\n\n<div id=\"wp-block-themeisle-blocks-advanced-columns-f4a68d83\" class=\"wp-block-themeisle-blocks-advanced-columns alignfull has-1-columns has-desktop-equal-layout has-tablet-equal-layout has-mobile-equal-layout has-vertical-center has-dark-bg\"><div class=\"wp-block-themeisle-blocks-advanced-columns-overlay\"><\/div><div class=\"innerblocks-wrap\">\n<div id=\"wp-block-themeisle-blocks-advanced-column-16c8e389\" class=\"wp-block-themeisle-blocks-advanced-column\">\n<h2 class=\"wp-block-heading has-text-align-center has-white-color has-text-color\">REALISIEREN WIR GEMEINSAM DEIN N\u00c4CHSTES PROJEKT. <\/h2>\n\n\n\n<div id=\"wp-block-themeisle-blocks-button-group-f4cfaa7f\" class=\"wp-block-themeisle-blocks-button-group collapse-mobile wp-block-buttons align-center\">\n<div id=\"wp-block-themeisle-blocks-button-2f93f5ec\" class=\"wp-block-themeisle-blocks-button wp-block-button\"><a href=\"https:\/\/melonandthecrew.com\/index.php\/kontakt\/\" target=\"_self\" rel=\"noopener noreferrer\" class=\"wp-block-button__link\"><span>hello melon<\/span><\/a><\/div>\n<\/div>\n<\/div>\n<\/div><\/div>\n","protected":false},"excerpt":{"rendered":"<p>Im ANKER finden jung, alt, modern, bodenst\u00e4ndig, nachhaltig, wohlhabend und erschwinglich Platz unter einem einzigen Hut &#8211; gastronomisch wie auch gesellschaftlich.<\/p>\n","protected":false},"author":1,"featured_media":0,"parent":0,"menu_order":0,"comment_status":"closed","ping_status":"closed","template":"","meta":{"neve_meta_sidebar":"full-width","neve_meta_container":"","neve_meta_enable_content_width":"on","neve_meta_content_width":100,"neve_meta_title_alignment":"","neve_meta_author_avatar":"","neve_post_elements_order":"","neve_meta_disable_header":"","neve_meta_disable_footer":"","neve_meta_disable_title":"","_themeisle_gutenberg_block_has_review":false},"_links":{"self":[{"href":"https:\/\/melonandthecrew.com\/index.php\/wp-json\/wp\/v2\/pages\/774"}],"collection":[{"href":"https:\/\/melonandthecrew.com\/index.php\/wp-json\/wp\/v2\/pages"}],"about":[{"href":"https:\/\/melonandthecrew.com\/index.php\/wp-json\/wp\/v2\/types\/page"}],"author":[{"embeddable":true,"href":"https:\/\/melonandthecrew.com\/index.php\/wp-json\/wp\/v2\/users\/1"}],"replies":[{"embeddable":true,"href":"https:\/\/melonandthecrew.com\/index.php\/wp-json\/wp\/v2\/comments?post=774"}],"version-history":[{"count":38,"href":"https:\/\/melonandthecrew.com\/index.php\/wp-json\/wp\/v2\/pages\/774\/revisions"}],"predecessor-version":[{"id":2006,"href":"https:\/\/melonandthecrew.com\/index.php\/wp-json\/wp\/v2\/pages\/774\/revisions\/2006"}],"wp:attachment":[{"href":"https:\/\/melonandthecrew.com\/index.php\/wp-json\/wp\/v2\/media?parent=774"}],"curies":[{"name":"wp","href":"https:\/\/api.w.org\/{rel}","templated":true}]}}