{"id":861,"date":"2022-07-24T16:36:33","date_gmt":"2022-07-24T16:36:33","guid":{"rendered":"https:\/\/melonandthecrew.com\/?page_id=861"},"modified":"2023-05-23T12:06:08","modified_gmt":"2023-05-23T12:06:08","slug":"amt-fuer-volksschule-thurgau","status":"publish","type":"page","link":"https:\/\/melonandthecrew.com\/index.php\/amt-fuer-volksschule-thurgau\/","title":{"rendered":"AMT F\u00dcR VOLKSSCHULE THURGAU"},"content":{"rendered":"\n<div id=\"wp-block-themeisle-blocks-advanced-columns-3911ee9f\" class=\"wp-block-themeisle-blocks-advanced-columns alignfull has-2-columns has-desktop-equal-layout has-tablet-collapsedRows-layout has-mobile-collapsedRows-layout has-vertical-center has-light-bg\"><div class=\"wp-block-themeisle-blocks-advanced-columns-overlay\"><\/div><div class=\"innerblocks-wrap\">\n<div id=\"wp-block-themeisle-blocks-advanced-column-fa091b11\" class=\"wp-block-themeisle-blocks-advanced-column\">\n<figure class=\"wp-block-image size-large is-style-default\"><img decoding=\"async\" loading=\"lazy\" width=\"1024\" height=\"768\" src=\"https:\/\/melonandthecrew.com\/wp-content\/uploads\/2023\/05\/TGdH-Screen-Startseite-1024x768.png\" alt=\"\" class=\"wp-image-1672\" srcset=\"https:\/\/melonandthecrew.com\/wp-content\/uploads\/2023\/05\/TGdH-Screen-Startseite-1024x768.png 1024w, https:\/\/melonandthecrew.com\/wp-content\/uploads\/2023\/05\/TGdH-Screen-Startseite-300x225.png 300w, https:\/\/melonandthecrew.com\/wp-content\/uploads\/2023\/05\/TGdH-Screen-Startseite-768x576.png 768w, https:\/\/melonandthecrew.com\/wp-content\/uploads\/2023\/05\/TGdH-Screen-Startseite-1536x1152.png 1536w, https:\/\/melonandthecrew.com\/wp-content\/uploads\/2023\/05\/TGdH-Screen-Startseite-2048x1536.png 2048w\" sizes=\"(max-width: 1024px) 100vw, 1024px\" \/><\/figure>\n<\/div>\n\n\n\n<div id=\"wp-block-themeisle-blocks-advanced-column-13d6a415\" class=\"wp-block-themeisle-blocks-advanced-column ticss-44eccd86\">\n<p>Das Amt f\u00fcr Volksschule Thurgau ben\u00f6tigte ein Redesign f\u00fcr ihre E-Learning Webseite \u201eThurgau du Heimat\u201c.<\/p>\n\n\n\n<p>Die neue Webseite sollte etwas moderner werden aber allen Altersgruppen zug\u00e4nglich bleiben. Durch ein intuitives und verspieltes Design schufen wir einen altersfreundlichen Ablauf des digitalen Lernmediums.<\/p>\n\n\n\n<div class=\"wp-block-button is-style-fill\"><a class=\"wp-block-button__link has-nv-text-dark-bg-color has-text-color has-background wp-element-button\" href=\"https:\/\/tgdh.tg.ch\/\" style=\"background-color:#80cef0\" target=\"_blank\" rel=\"noreferrer noopener\">Webseite besuchen<\/a><\/div>\n<\/div>\n<\/div><\/div>\n\n\n\n<div id=\"wp-block-themeisle-blocks-advanced-columns-adc48b5d\" class=\"wp-block-themeisle-blocks-advanced-columns has-1-columns has-desktop-equal-layout has-tablet-equal-layout has-mobile-equal-layout has-vertical-unset\"><div class=\"wp-block-themeisle-blocks-advanced-columns-overlay\"><\/div><div class=\"innerblocks-wrap\">\n<div id=\"wp-block-themeisle-blocks-advanced-column-a5c645ec\" class=\"wp-block-themeisle-blocks-advanced-column\"><div class=\"wp-block-image\">\n<figure class=\"aligncenter size-large is-resized\"><img decoding=\"async\" loading=\"lazy\" src=\"https:\/\/melonandthecrew.com\/wp-content\/uploads\/2023\/05\/TGdH_Webunterseiten-1024x427.jpg\" alt=\"\" class=\"wp-image-1702\" width=\"1098\" height=\"458\" srcset=\"https:\/\/melonandthecrew.com\/wp-content\/uploads\/2023\/05\/TGdH_Webunterseiten-1024x427.jpg 1024w, https:\/\/melonandthecrew.com\/wp-content\/uploads\/2023\/05\/TGdH_Webunterseiten-300x125.jpg 300w, https:\/\/melonandthecrew.com\/wp-content\/uploads\/2023\/05\/TGdH_Webunterseiten-768x320.jpg 768w, https:\/\/melonandthecrew.com\/wp-content\/uploads\/2023\/05\/TGdH_Webunterseiten-1536x640.jpg 1536w, https:\/\/melonandthecrew.com\/wp-content\/uploads\/2023\/05\/TGdH_Webunterseiten-2048x853.jpg 2048w\" sizes=\"(max-width: 1098px) 100vw, 1098px\" \/><\/figure><\/div><\/div>\n<\/div><\/div>\n\n\n\n<div style=\"height:100px\" aria-hidden=\"true\" class=\"wp-block-spacer\"><\/div>\n\n\n\n<div id=\"wp-block-themeisle-blocks-advanced-columns-8e1e1fe2\" class=\"wp-block-themeisle-blocks-advanced-columns has-1-columns has-desktop-equal-layout has-tablet-equal-layout has-mobile-equal-layout has-vertical-unset\"><div class=\"wp-block-themeisle-blocks-advanced-columns-overlay\"><\/div><div class=\"innerblocks-wrap\">\n<div id=\"wp-block-themeisle-blocks-advanced-column-23c6acd0\" class=\"wp-block-themeisle-blocks-advanced-column\">\n<div id=\"wp-block-themeisle-blocks-advanced-columns-44a2150d\" class=\"wp-block-themeisle-blocks-advanced-columns has-2-columns has-desktop-equal-layout has-tablet-equal-layout has-mobile-collapsedRows-layout has-vertical-unset\"><div class=\"wp-block-themeisle-blocks-advanced-columns-overlay\"><\/div><div class=\"innerblocks-wrap\">\n<div id=\"wp-block-themeisle-blocks-advanced-column-0da61ddc\" class=\"wp-block-themeisle-blocks-advanced-column\"><div class=\"wp-block-image\">\n<figure class=\"aligncenter size-large is-resized\"><img decoding=\"async\" loading=\"lazy\" src=\"https:\/\/melonandthecrew.com\/wp-content\/uploads\/2023\/05\/Handy-TGDH_01-1024x1024.png\" alt=\"\" class=\"wp-image-1678\" width=\"519\" height=\"519\" srcset=\"https:\/\/melonandthecrew.com\/wp-content\/uploads\/2023\/05\/Handy-TGDH_01-1024x1024.png 1024w, https:\/\/melonandthecrew.com\/wp-content\/uploads\/2023\/05\/Handy-TGDH_01-300x300.png 300w, https:\/\/melonandthecrew.com\/wp-content\/uploads\/2023\/05\/Handy-TGDH_01-150x150.png 150w, https:\/\/melonandthecrew.com\/wp-content\/uploads\/2023\/05\/Handy-TGDH_01-768x768.png 768w, https:\/\/melonandthecrew.com\/wp-content\/uploads\/2023\/05\/Handy-TGDH_01-1536x1536.png 1536w, https:\/\/melonandthecrew.com\/wp-content\/uploads\/2023\/05\/Handy-TGDH_01-2048x2048.png 2048w\" sizes=\"(max-width: 519px) 100vw, 519px\" \/><\/figure><\/div><\/div>\n\n\n\n<div id=\"wp-block-themeisle-blocks-advanced-column-de3b3477\" class=\"wp-block-themeisle-blocks-advanced-column\"><div class=\"wp-block-image\">\n<figure class=\"aligncenter size-large is-resized\"><img decoding=\"async\" loading=\"lazy\" src=\"https:\/\/melonandthecrew.com\/wp-content\/uploads\/2023\/05\/Kind_TGDH_Lernmodus-1024x1024.jpg\" alt=\"\" class=\"wp-image-1687\" width=\"519\" height=\"519\" srcset=\"https:\/\/melonandthecrew.com\/wp-content\/uploads\/2023\/05\/Kind_TGDH_Lernmodus-1024x1024.jpg 1024w, https:\/\/melonandthecrew.com\/wp-content\/uploads\/2023\/05\/Kind_TGDH_Lernmodus-300x300.jpg 300w, https:\/\/melonandthecrew.com\/wp-content\/uploads\/2023\/05\/Kind_TGDH_Lernmodus-150x150.jpg 150w, https:\/\/melonandthecrew.com\/wp-content\/uploads\/2023\/05\/Kind_TGDH_Lernmodus-768x768.jpg 768w, https:\/\/melonandthecrew.com\/wp-content\/uploads\/2023\/05\/Kind_TGDH_Lernmodus-1536x1536.jpg 1536w, https:\/\/melonandthecrew.com\/wp-content\/uploads\/2023\/05\/Kind_TGDH_Lernmodus-2048x2048.jpg 2048w\" sizes=\"(max-width: 519px) 100vw, 519px\" \/><\/figure><\/div><\/div>\n<\/div><\/div>\n<\/div>\n<\/div><\/div>\n\n\n\n<div style=\"height:100px\" aria-hidden=\"true\" class=\"wp-block-spacer\"><\/div>\n\n\n\n<div id=\"wp-block-themeisle-blocks-advanced-columns-f4a68d83\" class=\"wp-block-themeisle-blocks-advanced-columns alignfull has-1-columns has-desktop-equal-layout has-tablet-equal-layout has-mobile-equal-layout has-vertical-center has-dark-bg\"><div class=\"wp-block-themeisle-blocks-advanced-columns-overlay\"><\/div><div class=\"innerblocks-wrap\">\n<div id=\"wp-block-themeisle-blocks-advanced-column-16c8e389\" class=\"wp-block-themeisle-blocks-advanced-column\">\n<h2 class=\"wp-block-heading has-text-align-center has-white-color has-text-color\">REALISIEREN WIR GEMEINSAM DEIN N\u00c4CHSTES PROJEKT. <\/h2>\n\n\n\n<div id=\"wp-block-themeisle-blocks-button-group-f4cfaa7f\" class=\"wp-block-themeisle-blocks-button-group collapse-mobile wp-block-buttons align-center\">\n<div id=\"wp-block-themeisle-blocks-button-2f93f5ec\" class=\"wp-block-themeisle-blocks-button wp-block-button\"><a href=\"https:\/\/melonandthecrew.com\/index.php\/kontakt\/\" target=\"_self\" rel=\"noopener noreferrer\" class=\"wp-block-button__link\"><span>hello melon<\/span><\/a><\/div>\n<\/div>\n<\/div>\n<\/div><\/div>\n","protected":false},"excerpt":{"rendered":"","protected":false},"author":1,"featured_media":0,"parent":0,"menu_order":0,"comment_status":"closed","ping_status":"closed","template":"","meta":{"neve_meta_sidebar":"full-width","neve_meta_container":"","neve_meta_enable_content_width":"on","neve_meta_content_width":100,"neve_meta_title_alignment":"","neve_meta_author_avatar":"","neve_post_elements_order":"","neve_meta_disable_header":"","neve_meta_disable_footer":"","neve_meta_disable_title":"","_themeisle_gutenberg_block_has_review":false},"_links":{"self":[{"href":"https:\/\/melonandthecrew.com\/index.php\/wp-json\/wp\/v2\/pages\/861"}],"collection":[{"href":"https:\/\/melonandthecrew.com\/index.php\/wp-json\/wp\/v2\/pages"}],"about":[{"href":"https:\/\/melonandthecrew.com\/index.php\/wp-json\/wp\/v2\/types\/page"}],"author":[{"embeddable":true,"href":"https:\/\/melonandthecrew.com\/index.php\/wp-json\/wp\/v2\/users\/1"}],"replies":[{"embeddable":true,"href":"https:\/\/melonandthecrew.com\/index.php\/wp-json\/wp\/v2\/comments?post=861"}],"version-history":[{"count":26,"href":"https:\/\/melonandthecrew.com\/index.php\/wp-json\/wp\/v2\/pages\/861\/revisions"}],"predecessor-version":[{"id":1860,"href":"https:\/\/melonandthecrew.com\/index.php\/wp-json\/wp\/v2\/pages\/861\/revisions\/1860"}],"wp:attachment":[{"href":"https:\/\/melonandthecrew.com\/index.php\/wp-json\/wp\/v2\/media?parent=861"}],"curies":[{"name":"wp","href":"https:\/\/api.w.org\/{rel}","templated":true}]}}