{"id":939,"date":"2022-07-27T18:47:40","date_gmt":"2022-07-27T18:47:40","guid":{"rendered":"https:\/\/melonandthecrew.com\/?page_id=939"},"modified":"2023-05-23T12:09:13","modified_gmt":"2023-05-23T12:09:13","slug":"939-2","status":"publish","type":"page","link":"https:\/\/melonandthecrew.com\/index.php\/939-2\/","title":{"rendered":"KNIES KINDERZOO RAPPERSWIL"},"content":{"rendered":"\n<div id=\"wp-block-themeisle-blocks-advanced-columns-3911ee9f\" class=\"wp-block-themeisle-blocks-advanced-columns alignfull has-1-columns has-desktop-equal-layout has-tablet-equal-layout has-mobile-collapsedRows-layout has-vertical-center has-light-bg\"><div class=\"wp-block-themeisle-blocks-advanced-columns-overlay\"><\/div><div class=\"innerblocks-wrap\">\n<div id=\"wp-block-themeisle-blocks-advanced-column-fa091b11\" class=\"wp-block-themeisle-blocks-advanced-column\"><div class=\"wp-block-image\">\n<figure class=\"aligncenter size-large is-resized\"><img decoding=\"async\" loading=\"lazy\" src=\"https:\/\/melonandthecrew.com\/wp-content\/uploads\/2022\/07\/Zauberhut-neu-1024x711.png\" alt=\"\" class=\"wp-image-943\" width=\"704\" height=\"489\" srcset=\"https:\/\/melonandthecrew.com\/wp-content\/uploads\/2022\/07\/Zauberhut-neu-1024x711.png 1024w, https:\/\/melonandthecrew.com\/wp-content\/uploads\/2022\/07\/Zauberhut-neu-300x208.png 300w, https:\/\/melonandthecrew.com\/wp-content\/uploads\/2022\/07\/Zauberhut-neu-768x533.png 768w, https:\/\/melonandthecrew.com\/wp-content\/uploads\/2022\/07\/Zauberhut-neu.png 1500w\" sizes=\"(max-width: 704px) 100vw, 704px\" \/><\/figure><\/div><\/div>\n<\/div><\/div>\n\n\n\n<div id=\"wp-block-themeisle-blocks-advanced-columns-24261031\" class=\"wp-block-themeisle-blocks-advanced-columns has-2-columns has-desktop-equal-layout has-tablet-equal-layout has-mobile-collapsedRows-layout has-vertical-unset has-default-gap\"><div class=\"wp-block-themeisle-blocks-advanced-columns-overlay\"><\/div><div class=\"innerblocks-wrap\">\n<div id=\"wp-block-themeisle-blocks-advanced-column-6452290a\" class=\"wp-block-themeisle-blocks-advanced-column\"><div class=\"wp-block-image\">\n<figure class=\"aligncenter size-large is-resized\"><img decoding=\"async\" loading=\"lazy\" src=\"https:\/\/melonandthecrew.com\/wp-content\/uploads\/2022\/07\/Standorttafel_quadrat_IG-Wilde-Biene-Knie-Mockup-1-1024x768.png\" alt=\"\" class=\"wp-image-959\" width=\"707\" height=\"531\" srcset=\"https:\/\/melonandthecrew.com\/wp-content\/uploads\/2022\/07\/Standorttafel_quadrat_IG-Wilde-Biene-Knie-Mockup-1-1024x768.png 1024w, https:\/\/melonandthecrew.com\/wp-content\/uploads\/2022\/07\/Standorttafel_quadrat_IG-Wilde-Biene-Knie-Mockup-1-300x225.png 300w, https:\/\/melonandthecrew.com\/wp-content\/uploads\/2022\/07\/Standorttafel_quadrat_IG-Wilde-Biene-Knie-Mockup-1-768x576.png 768w, https:\/\/melonandthecrew.com\/wp-content\/uploads\/2022\/07\/Standorttafel_quadrat_IG-Wilde-Biene-Knie-Mockup-1-1536x1152.png 1536w, https:\/\/melonandthecrew.com\/wp-content\/uploads\/2022\/07\/Standorttafel_quadrat_IG-Wilde-Biene-Knie-Mockup-1.png 2000w\" sizes=\"(max-width: 707px) 100vw, 707px\" \/><\/figure><\/div><\/div>\n\n\n\n<div id=\"wp-block-themeisle-blocks-advanced-column-14abe438\" class=\"wp-block-themeisle-blocks-advanced-column\">\n<p>F\u00fcr die aufgewerteten Standorte gestalteten wir individuelle Infotafeln mit einem Kurzportrait der Haupt-Zielart jedes Standorts. Die Standort-Tafeln sind mit einem QR-Code ausgestattet, der Interessierten zu spezifische Webseiten mit vertiefenden Informationen f\u00fchrt.<\/p>\n\n\n\n<p>Der Pr\u00e4sident von IG Wilde Biene (Tier\u00f6kologe Andr\u00e9 Rey) entwarf f\u00fcr zwei Aussen-Standorte Massnahmepl\u00e4ne, welche f\u00fcr Rapperswil nachgewiesene Zielarten f\u00f6rdern sollen. Diese Massnahmen setzte Gartenbau-Profi Marco Riva <a href=\"https:\/\/www.toller.ch\/\">(Toller Unternehmungen AG)<\/a> h\u00f6chst innovativ um.<\/p>\n<\/div>\n<\/div><\/div>\n\n\n\n<div style=\"height:100px\" aria-hidden=\"true\" class=\"wp-block-spacer\"><\/div>\n\n\n\n<figure class=\"wp-block-video aligncenter\"><video controls src=\"https:\/\/melonandthecrew.com\/wp-content\/uploads\/2022\/07\/IG-Wilde-Biene_Wildbienenlehrpfad_Knie-Kinderzoo_2021_02.mp4\"><\/video><\/figure>\n\n\n\n<div style=\"height:100px\" aria-hidden=\"true\" class=\"wp-block-spacer\"><\/div>\n\n\n\n<div id=\"wp-block-themeisle-blocks-advanced-columns-2c7695ab\" class=\"wp-block-themeisle-blocks-advanced-columns alignfull has-1-columns has-desktop-equal-layout has-tablet-equal-layout has-mobile-equal-layout has-vertical-center has-dark-bg\"><div class=\"wp-block-themeisle-blocks-advanced-columns-overlay\"><\/div><div class=\"innerblocks-wrap\">\n<div id=\"wp-block-themeisle-blocks-advanced-column-c9458811\" class=\"wp-block-themeisle-blocks-advanced-column\">\n<h2 class=\"wp-block-heading has-text-align-center has-white-color has-text-color\">REALISIEREN WIR GEMEINSAM DEIN N\u00c4CHSTES PROJEKT.<\/h2>\n\n\n\n<div id=\"wp-block-themeisle-blocks-button-group-8255749a\" class=\"wp-block-themeisle-blocks-button-group collapse-mobile wp-block-buttons align-center\">\n<div id=\"wp-block-themeisle-blocks-button-b723bfec\" class=\"wp-block-themeisle-blocks-button wp-block-button\"><a href=\"https:\/\/melonandthecrew.com\/index.php\/kontakt\/\" target=\"_self\" rel=\"noopener noreferrer\" class=\"wp-block-button__link\"><span>Hello melon<\/span><\/a><\/div>\n<\/div>\n<\/div>\n<\/div><\/div>\n","protected":false},"excerpt":{"rendered":"","protected":false},"author":1,"featured_media":0,"parent":0,"menu_order":0,"comment_status":"closed","ping_status":"closed","template":"","meta":{"neve_meta_sidebar":"full-width","neve_meta_container":"","neve_meta_enable_content_width":"on","neve_meta_content_width":100,"neve_meta_title_alignment":"","neve_meta_author_avatar":"","neve_post_elements_order":"","neve_meta_disable_header":"","neve_meta_disable_footer":"","neve_meta_disable_title":"","_themeisle_gutenberg_block_has_review":false},"_links":{"self":[{"href":"https:\/\/melonandthecrew.com\/index.php\/wp-json\/wp\/v2\/pages\/939"}],"collection":[{"href":"https:\/\/melonandthecrew.com\/index.php\/wp-json\/wp\/v2\/pages"}],"about":[{"href":"https:\/\/melonandthecrew.com\/index.php\/wp-json\/wp\/v2\/types\/page"}],"author":[{"embeddable":true,"href":"https:\/\/melonandthecrew.com\/index.php\/wp-json\/wp\/v2\/users\/1"}],"replies":[{"embeddable":true,"href":"https:\/\/melonandthecrew.com\/index.php\/wp-json\/wp\/v2\/comments?post=939"}],"version-history":[{"count":24,"href":"https:\/\/melonandthecrew.com\/index.php\/wp-json\/wp\/v2\/pages\/939\/revisions"}],"predecessor-version":[{"id":1867,"href":"https:\/\/melonandthecrew.com\/index.php\/wp-json\/wp\/v2\/pages\/939\/revisions\/1867"}],"wp:attachment":[{"href":"https:\/\/melonandthecrew.com\/index.php\/wp-json\/wp\/v2\/media?parent=939"}],"curies":[{"name":"wp","href":"https:\/\/api.w.org\/{rel}","templated":true}]}}